{"id":176,"date":"2017-04-23T08:55:13","date_gmt":"2017-04-23T08:55:13","guid":{"rendered":"http:\/\/hostingsites.co.in\/developer9\/fishing\/?page_id=176"},"modified":"2026-04-10T01:09:58","modified_gmt":"2026-04-10T01:09:58","slug":"contact","status":"publish","type":"page","link":"https:\/\/www.freefallacademy.net\/es\/contact\/","title":{"rendered":"Contacto"},"content":{"rendered":"<div class=\"wpb-content-wrapper\">\n<div class=\"wp-block-uagb-container uagb-block-1epwlfbk alignfull uagb-is-root-container\"><div class=\"uagb-container__shape uagb-container__shape-bottom uagb-container__invert\" data-negative=\"false\"><svg xmlns=\"https:\/\/www.w3.org\/2000\/svg\" viewbox=\"0 0 1000 100\" preserveaspectratio=\"none\"><path class=\"uagb-container__shape-fill\" d=\"M421.9,6.5c22.6-2.5,51.5,0.4,75.5,5.3c23.6,4.9,70.9,23.5,100.5,35.7c75.8,32.2,133.7,44.5,192.6,49.7  c23.6,2.1,48.7,3.5,103.4-2.5c54.7-6,106.2-25.6,106.2-25.6V0H0v30.3c0,0,72,32.6,158.4,30.5c39.2-0.7,92.8-6.7,134-22.4  c21.2-8.1,52.2-18.2,79.7-24.2C399.3,7.9,411.6,7.5,421.9,6.5z\"><\/path><\/svg><\/div><div class=\"uagb-container-inner-blocks-wrap\">\n<div class=\"wp-block-uagb-info-box uagb-block-yjypverh uagb-infobox__content-wrap  uagb-infobox-icon-above-title uagb-infobox-image-valign-top\"><div class=\"uagb-ifb-content\"><div class=\"uagb-ifb-title-wrap\"><p class=\"uagb-ifb-title-prefix\">Mantente Conectado <\/p><h2 class=\"uagb-ifb-title\">VEN A BUCEAR CON NOSOTROS<\/h2><\/div><p class=\"uagb-ifb-desc\">Con\u00e9ctate con nosotros para explorar y crear tus vacaciones de ensue\u00f1o. \u00danete a nosotros en una aventura oce\u00e1nica inolvidable.<\/p><\/div><\/div>\n<\/div><\/div>\n\n\n<div class=\"vc_row wpb_row vc_row-fluid\"><div class=\"wpb_column vc_column_container vc_col-sm-12\"><div class=\"vc_column-inner\"><div class=\"wpb_wrapper\"><div class=\"vc_empty_space\"   style=\"height: 70px\"><span class=\"vc_empty_space_inner\"><\/span><\/div><div class=\"row no-margin text-center\">\r\n\t\t\t<hr>\r\n\t\t\t<h4 class=\"invo_heading\">CONTACTANOS<\/h4>\r\n\t\t\t<p>Please email or call us anytime and we will respond to you as soon as we can. +52 1 (612) 143 3959 La Paz, BCS Mexico apneafreefallacademy@gmail.com Namaste<\/p>\r\n\t\t<\/div><form method=\"post\" id=\"fishing_contactform_shortcode\" class=\"row\" action=\"\"><div class=\"col-sm-6\"><div><h4 class=\"invo_sm_text\">Name<\/h4><input type=\"text\" data-validation='required' class=\"form-control\" value=\"\" placeholder=\"Name*\" name=\"name\" \/><\/div><div><h4 class=\"invo_sm_text\">Phone No<\/h4><input type=\"text\"  class=\"form-control\" value=\"\" placeholder=\"Phone No\" name=\"phono\" \/><\/div><div><h4 class=\"invo_sm_text\">E-mail<\/h4><input type=\"text\" data-validation=\"email\" class=\"form-control\" value=\"\" placeholder=\"E-mail*\" name=\"email\" \/><\/div><div><h4 class=\"invo_sm_text\">Subject<\/h4><input type=\"text\" data-validation='required' class=\"form-control\" value=\"\" placeholder=\"Subject*\" name=\"subject\" \/><\/div><\/div><div class=\"col-sm-6\"><h4 class=\"invo_sm_text\">Your Message<\/h4><textarea name=\"Message\" class=\"form-control\" id=\"Message\" data-validation=\"required\" rows=\"10\" placeholder=\"Your Message\"><\/textarea><\/div><div class=\"col-xs-12 text-right\"> <a href=\"\" class=\"btn btn-accent send_mail_shortcode\">Send Message <i class=\"fa fa-long-arrow-right\"><\/i><\/a> <img decoding=\"async\" src=\"https:\/\/www.freefallacademy.net\/wp-content\/themes\/fishing\/images\/ajax-loader.gif\" class=\"fishing_loading_shortcode\" alt=\"\"> <input type=\"hidden\" value=\"https:\/\/www.freefallacademy.net\/wp-admin\/admin-ajax.php\"  id=\"fishing_ajaxurl_shortcode\"><p id=\"success_mes_shortcode\"><\/p><\/div><input type=\"hidden\" name=\"trp-form-language\" value=\"es\"\/><\/form><\/div><\/div><\/div><\/div><div class=\"vc_row wpb_row vc_row-fluid\"><div class=\"wpb_column vc_column_container vc_col-sm-12\"><div class=\"vc_column-inner\"><div class=\"wpb_wrapper\"><div class=\"wpb_gmaps_widget wpb_content_element vc_map_responsive\"><div class=\"wpb_wrapper\"><div class=\"wpb_map_wraper\"><iframe loading=\"lazy\" src=\"https:\/\/www.google.com\/maps\/embed?pb=!1m23!1m12!1m3!1d14293.788057397282!2d-110.32147087368784!3d24.14768738777693!2m3!1f0!2f0!3f0!3m2!1i1024!2i768!4f13.1!4m8!3e6!4m0!4m5!1s0x86afd3510855ac25%3A0x7cb8a9ae4cd312bd!2sPaseo+Alvaro+Obregon%2C+Zona+Comercial%2C+23000+La+Paz%2C+B.C.S.!3m2!1d24.1551889!2d-110.3228225!5e0!3m2!1ses!2smx!4v1493130705930\" width=\"600\" height=\"450\" frameborder=\"0\" style=\"border:0\" allowfullscreen><\/iframe><\/div><\/div><\/div><\/div><\/div><\/div><\/div>\n\n\n<div class=\"wp-block-group alignfull has-background-color has-white-color has-text-color has-background has-link-color wp-elements-3f6669d1e1df059d93b32c50dc0653fd is-vertical is-content-justification-center is-layout-flex wp-container-core-group-is-layout-f0d97eae wp-block-group-is-layout-flex\" style=\"background-color:#095e77;min-height:40vh;margin-top:0;margin-bottom:0;padding-top:var(--wp--preset--spacing--60);padding-right:var(--wp--preset--spacing--40);padding-bottom:var(--wp--preset--spacing--60);padding-left:var(--wp--preset--spacing--40)\">\n<div class=\"wp-block-columns alignwide has-small-font-size is-layout-flex wp-container-core-columns-is-layout-9d6595d7 wp-block-columns-is-layout-flex\">\n<div class=\"wp-block-column is-layout-flow wp-block-column-is-layout-flow\">\n<figure class=\"wp-block-image size-medium\"><img loading=\"lazy\" decoding=\"async\" width=\"300\" height=\"121\" src=\"https:\/\/www.freefallacademy.net\/wp-content\/uploads\/2026\/02\/Logo-Completo-Blanco-300x121.png\" alt=\"Freefall Academy Logo\" class=\"wp-image-3620\" srcset=\"https:\/\/www.freefallacademy.net\/wp-content\/uploads\/2026\/02\/Logo-Completo-Blanco-300x121.png 300w, https:\/\/www.freefallacademy.net\/wp-content\/uploads\/2026\/02\/Logo-Completo-Blanco-1024x414.png 1024w, https:\/\/www.freefallacademy.net\/wp-content\/uploads\/2026\/02\/Logo-Completo-Blanco-768x310.png 768w, https:\/\/www.freefallacademy.net\/wp-content\/uploads\/2026\/02\/Logo-Completo-Blanco-1536x621.png 1536w, https:\/\/www.freefallacademy.net\/wp-content\/uploads\/2026\/02\/Logo-Completo-Blanco-2048x828.png 2048w, https:\/\/www.freefallacademy.net\/wp-content\/uploads\/2026\/02\/Logo-Completo-Blanco-18x7.png 18w\" sizes=\"auto, (max-width: 300px) 100vw, 300px\" \/><\/figure>\n\n\n\n<div class=\"wp-block-stackable-subtitle stk-block-subtitle stk-block stk-ebf6de6\" data-block-id=\"ebf6de6\"><p class=\"stk-block-subtitle__text stk-subtitle has-text-align-center\"><strong><span style=\"color: #fffffe;\" class=\"stk-highlight\">Freediving &amp; Wildlife Encounters<\/span><\/strong><\/p><\/div>\n\n\n\n<div class=\"wp-block-stackable-subtitle stk-block-subtitle stk-block stk-1c404c1\" data-block-id=\"1c404c1\"><p class=\"stk-block-subtitle__text stk-subtitle has-text-align-center\"><span style=\"color: #fffffe;\" class=\"stk-highlight\">Education \u2022 Respect \u2022 Conservation <\/span><\/p><\/div>\n\n\n\n<ul class=\"wp-block-social-links has-icon-color has-icon-background-color is-style-default is-content-justification-center is-layout-flex wp-container-core-social-links-is-layout-16018d1d wp-block-social-links-is-layout-flex\"><li style=\"color:#095e77;background-color:#ffffff;\" class=\"wp-social-link wp-social-link-instagram has-white-background-color wp-block-social-link\"><a href=\"https:\/\/www.instagram.com\/freefallacademy\/\" class=\"wp-block-social-link-anchor\"><svg width=\"24\" height=\"24\" viewbox=\"0 0 24 24\" version=\"1.1\" xmlns=\"http:\/\/www.w3.org\/2000\/svg\" aria-hidden=\"true\" focusable=\"false\"><path d=\"M12,4.622c2.403,0,2.688,0.009,3.637,0.052c0.877,0.04,1.354,0.187,1.671,0.31c0.42,0.163,0.72,0.358,1.035,0.673 c0.315,0.315,0.51,0.615,0.673,1.035c0.123,0.317,0.27,0.794,0.31,1.671c0.043,0.949,0.052,1.234,0.052,3.637 s-0.009,2.688-0.052,3.637c-0.04,0.877-0.187,1.354-0.31,1.671c-0.163,0.42-0.358,0.72-0.673,1.035 c-0.315,0.315-0.615,0.51-1.035,0.673c-0.317,0.123-0.794,0.27-1.671,0.31c-0.949,0.043-1.233,0.052-3.637,0.052 s-2.688-0.009-3.637-0.052c-0.877-0.04-1.354-0.187-1.671-0.31c-0.42-0.163-0.72-0.358-1.035-0.673 c-0.315-0.315-0.51-0.615-0.673-1.035c-0.123-0.317-0.27-0.794-0.31-1.671C4.631,14.688,4.622,14.403,4.622,12 s0.009-2.688,0.052-3.637c0.04-0.877,0.187-1.354,0.31-1.671c0.163-0.42,0.358-0.72,0.673-1.035 c0.315-0.315,0.615-0.51,1.035-0.673c0.317-0.123,0.794-0.27,1.671-0.31C9.312,4.631,9.597,4.622,12,4.622 M12,3 C9.556,3,9.249,3.01,8.289,3.054C7.331,3.098,6.677,3.25,6.105,3.472C5.513,3.702,5.011,4.01,4.511,4.511 c-0.5,0.5-0.808,1.002-1.038,1.594C3.25,6.677,3.098,7.331,3.054,8.289C3.01,9.249,3,9.556,3,12c0,2.444,0.01,2.751,0.054,3.711 c0.044,0.958,0.196,1.612,0.418,2.185c0.23,0.592,0.538,1.094,1.038,1.594c0.5,0.5,1.002,0.808,1.594,1.038 c0.572,0.222,1.227,0.375,2.185,0.418C9.249,20.99,9.556,21,12,21s2.751-0.01,3.711-0.054c0.958-0.044,1.612-0.196,2.185-0.418 c0.592-0.23,1.094-0.538,1.594-1.038c0.5-0.5,0.808-1.002,1.038-1.594c0.222-0.572,0.375-1.227,0.418-2.185 C20.99,14.751,21,14.444,21,12s-0.01-2.751-0.054-3.711c-0.044-0.958-0.196-1.612-0.418-2.185c-0.23-0.592-0.538-1.094-1.038-1.594 c-0.5-0.5-1.002-0.808-1.594-1.038c-0.572-0.222-1.227-0.375-2.185-0.418C14.751,3.01,14.444,3,12,3L12,3z M12,7.378 c-2.552,0-4.622,2.069-4.622,4.622S9.448,16.622,12,16.622s4.622-2.069,4.622-4.622S14.552,7.378,12,7.378z M12,15 c-1.657,0-3-1.343-3-3s1.343-3,3-3s3,1.343,3,3S13.657,15,12,15z M16.804,6.116c-0.596,0-1.08,0.484-1.08,1.08 s0.484,1.08,1.08,1.08c0.596,0,1.08-0.484,1.08-1.08S17.401,6.116,16.804,6.116z\"><\/path><\/svg><span class=\"wp-block-social-link-label screen-reader-text\">Instagram<\/span><\/a><\/li>\n\n<li style=\"color:#095e77;background-color:#ffffff;\" class=\"wp-social-link wp-social-link-facebook has-white-background-color wp-block-social-link\"><a href=\"https:\/\/www.facebook.com\/FreefallAcademy\/\" class=\"wp-block-social-link-anchor\"><svg width=\"24\" height=\"24\" viewbox=\"0 0 24 24\" version=\"1.1\" xmlns=\"http:\/\/www.w3.org\/2000\/svg\" aria-hidden=\"true\" focusable=\"false\"><path d=\"M12 2C6.5 2 2 6.5 2 12c0 5 3.7 9.1 8.4 9.9v-7H7.9V12h2.5V9.8c0-2.5 1.5-3.9 3.8-3.9 1.1 0 2.2.2 2.2.2v2.5h-1.3c-1.2 0-1.6.8-1.6 1.6V12h2.8l-.4 2.9h-2.3v7C18.3 21.1 22 17 22 12c0-5.5-4.5-10-10-10z\"><\/path><\/svg><span class=\"wp-block-social-link-label screen-reader-text\">Facebook<\/span><\/a><\/li>\n\n<li style=\"color:#095e77;background-color:#ffffff;\" class=\"wp-social-link wp-social-link-mail has-white-background-color wp-block-social-link\"><a href=\"mailto:hola@freefallacademy.net\" class=\"wp-block-social-link-anchor\"><svg width=\"24\" height=\"24\" viewbox=\"0 0 24 24\" version=\"1.1\" xmlns=\"http:\/\/www.w3.org\/2000\/svg\" aria-hidden=\"true\" focusable=\"false\"><path d=\"M19,5H5c-1.1,0-2,.9-2,2v10c0,1.1.9,2,2,2h14c1.1,0,2-.9,2-2V7c0-1.1-.9-2-2-2zm.5,12c0,.3-.2.5-.5.5H5c-.3,0-.5-.2-.5-.5V9.8l7.5,5.6,7.5-5.6V17zm0-9.1L12,13.6,4.5,7.9V7c0-.3.2-.5.5-.5h14c.3,0,.5.2.5.5v.9z\"><\/path><\/svg><span class=\"wp-block-social-link-label screen-reader-text\">Correo electr\u00f3nico<\/span><\/a><\/li>\n\n<li style=\"color:#095e77;background-color:#ffffff;\" class=\"wp-social-link wp-social-link-whatsapp has-white-background-color wp-block-social-link\"><a href=\"https:\/\/wa.me\/message\/SDOUSXWKZHRTL1\" class=\"wp-block-social-link-anchor\"><svg width=\"24\" height=\"24\" viewbox=\"0 0 24 24\" version=\"1.1\" xmlns=\"http:\/\/www.w3.org\/2000\/svg\" aria-hidden=\"true\" focusable=\"false\"><path d=\"M 12.011719 2 C 6.5057187 2 2.0234844 6.478375 2.0214844 11.984375 C 2.0204844 13.744375 2.4814687 15.462563 3.3554688 16.976562 L 2 22 L 7.2324219 20.763672 C 8.6914219 21.559672 10.333859 21.977516 12.005859 21.978516 L 12.009766 21.978516 C 17.514766 21.978516 21.995047 17.499141 21.998047 11.994141 C 22.000047 9.3251406 20.962172 6.8157344 19.076172 4.9277344 C 17.190172 3.0407344 14.683719 2.001 12.011719 2 z M 12.009766 4 C 14.145766 4.001 16.153109 4.8337969 17.662109 6.3417969 C 19.171109 7.8517969 20.000047 9.8581875 19.998047 11.992188 C 19.996047 16.396187 16.413812 19.978516 12.007812 19.978516 C 10.674812 19.977516 9.3544062 19.642812 8.1914062 19.007812 L 7.5175781 18.640625 L 6.7734375 18.816406 L 4.8046875 19.28125 L 5.2851562 17.496094 L 5.5019531 16.695312 L 5.0878906 15.976562 C 4.3898906 14.768562 4.0204844 13.387375 4.0214844 11.984375 C 4.0234844 7.582375 7.6067656 4 12.009766 4 z M 8.4765625 7.375 C 8.3095625 7.375 8.0395469 7.4375 7.8105469 7.6875 C 7.5815469 7.9365 6.9355469 8.5395781 6.9355469 9.7675781 C 6.9355469 10.995578 7.8300781 12.182609 7.9550781 12.349609 C 8.0790781 12.515609 9.68175 15.115234 12.21875 16.115234 C 14.32675 16.946234 14.754891 16.782234 15.212891 16.740234 C 15.670891 16.699234 16.690438 16.137687 16.898438 15.554688 C 17.106437 14.971687 17.106922 14.470187 17.044922 14.367188 C 16.982922 14.263188 16.816406 14.201172 16.566406 14.076172 C 16.317406 13.951172 15.090328 13.348625 14.861328 13.265625 C 14.632328 13.182625 14.464828 13.140625 14.298828 13.390625 C 14.132828 13.640625 13.655766 14.201187 13.509766 14.367188 C 13.363766 14.534188 13.21875 14.556641 12.96875 14.431641 C 12.71875 14.305641 11.914938 14.041406 10.960938 13.191406 C 10.218937 12.530406 9.7182656 11.714844 9.5722656 11.464844 C 9.4272656 11.215844 9.5585938 11.079078 9.6835938 10.955078 C 9.7955938 10.843078 9.9316406 10.663578 10.056641 10.517578 C 10.180641 10.371578 10.223641 10.267562 10.306641 10.101562 C 10.389641 9.9355625 10.347156 9.7890625 10.285156 9.6640625 C 10.223156 9.5390625 9.737625 8.3065 9.515625 7.8125 C 9.328625 7.3975 9.131125 7.3878594 8.953125 7.3808594 C 8.808125 7.3748594 8.6425625 7.375 8.4765625 7.375 z\"><\/path><\/svg><span class=\"wp-block-social-link-label screen-reader-text\">WhatsApp<\/span><\/a><\/li><\/ul>\n\n\n\n<div style=\"height:24px\" aria-hidden=\"true\" class=\"wp-block-spacer\"><\/div>\n<\/div>\n\n\n\n<div class=\"wp-block-column is-layout-flow wp-block-column-is-layout-flow\">\n<div style=\"height:0px\" aria-hidden=\"true\" class=\"wp-block-spacer\"><\/div>\n\n\n\n<h3 class=\"wp-block-heading has-text-align-center\">CONTACT<\/h3>\n\n\n\n<div class=\"wp-block-stackable-subtitle stk-block-subtitle stk-block stk-3a6e5ac\" data-block-id=\"3a6e5ac\"><p class=\"stk-block-subtitle__text stk-subtitle has-text-align-center\"><span style=\"color: #fffffe;\" class=\"stk-highlight\">La Paz, BCS, M\u00e9xico<\/span><\/p><\/div>\n\n\n\n<div class=\"wp-block-stackable-subtitle stk-block-subtitle stk-block stk-c26620c\" data-block-id=\"c26620c\"><p class=\"stk-block-subtitle__text stk-subtitle has-text-align-center\"><span style=\"color: #fffffe;\" class=\"stk-highlight\">hola@freefallacademy.net<\/span><\/p><\/div>\n\n\n\n<div class=\"wp-block-stackable-subtitle stk-block-subtitle stk-block stk-233c3a3\" data-block-id=\"233c3a3\"><p class=\"stk-block-subtitle__text stk-subtitle has-text-align-center\"><span style=\"color: #fffffe;\" class=\"stk-highlight\">Whatsapp +526121433959<\/span><\/p><\/div>\n\n\n\n<div style=\"height:24px\" aria-hidden=\"true\" class=\"wp-block-spacer\"><\/div>\n<\/div>\n\n\n\n<div class=\"wp-block-column is-layout-flow wp-block-column-is-layout-flow\">\n<div style=\"height:0px\" aria-hidden=\"true\" class=\"wp-block-spacer\"><\/div>\n\n\n\n<h3 class=\"wp-block-heading has-text-align-center\">JOIN OUR NEWSLETTER<\/h3>\n\n\n\n<div class=\"ffa-mc\" id=\"mc_embed_shell\">\n  <div id=\"mc_embed_signup\">\n    <form action=\"https:\/\/freefallacademy.us5.list-manage.com\/subscribe\/post?u=ab80956180482ad442f15e3af&amp;id=f0ce5b4ec5&amp;f_id=00b947edf0\"\n          method=\"post\"\n          id=\"mc-embedded-subscribe-form\"\n          name=\"mc-embedded-subscribe-form\"\n          class=\"validate\"\n          novalidate>\n\n      <div id=\"mc_embed_signup_scroll\">\n        <div class=\"mc-field-group\">\n          <label for=\"mce-FNAME\">Nombre<\/label>\n          <input type=\"text\" name=\"FNAME\" id=\"mce-FNAME\" required placeholder=\"Nombre\">\n        <\/div>\n\n        <div class=\"mc-field-group\">\n          <label for=\"mce-LNAME\">Apellido<\/label>\n          <input type=\"text\" name=\"LNAME\" id=\"mce-LNAME\" required placeholder=\"Apellido\">\n        <\/div>\n\n        <div class=\"mc-field-group\">\n          <label for=\"mce-EMAIL\">Email<\/label>\n          <input type=\"email\" name=\"EMAIL\" id=\"mce-EMAIL\" required placeholder=\"Email\">\n        <\/div>\n\n        <div aria-hidden=\"true\" style=\"position:absolute; left:-5000px;\">\n          <input type=\"text\" name=\"b_ab80956180482ad442f15e3af_f0ce5b4ec5\" tabindex=\"-1\" value=\"\">\n        <\/div>\n\n        <div class=\"clear\">\n          <input type=\"submit\" name=\"subscribe\" id=\"mc-embedded-subscribe\" class=\"button\" value=\"Suscribir\">\n        <\/div>\n\n        <div id=\"mce-responses\" class=\"clear\">\n          <div class=\"response\" id=\"mce-error-response\" style=\"display:none;\"><\/div>\n          <div class=\"response\" id=\"mce-success-response\" style=\"display:none;\"><\/div>\n        <\/div>\n      <\/div>\n    <\/form>\n  <\/div>\n<\/div>\n\n\n\n<div class=\"wp-block-stackable-subtitle stk-block-subtitle stk-block stk-a33f3ad\" data-block-id=\"a33f3ad\"><p class=\"stk-block-subtitle__text stk-subtitle has-text-align-center\"><span style=\"color: #fffffe;\" class=\"stk-highlight\">Wild stories, ocean tips, guides &amp; inspiration.<\/span><\/p><\/div>\n\n\n\n<p><\/p>\n\n\n\n<p><\/p>\n\n\n\n<div style=\"height:24px\" aria-hidden=\"true\" class=\"wp-block-spacer\"><\/div>\n<\/div>\n<\/div>\n<\/div>\n<\/div>","protected":false},"excerpt":{"rendered":"<p>Freediving &amp; Wildlife Encounters Education \u2022 Respect \u2022 Conservation CONTACT La Paz, BCS, Mexico hola@freefallacademy.net Whatsapp +526121433959 JOIN OUR NEWSLETTER First Name Last Name Email Wild stories, ocean tips, guides &amp; inspiration.<\/p>","protected":false},"author":2,"featured_media":0,"parent":0,"menu_order":0,"comment_status":"closed","ping_status":"closed","template":"","meta":{"om_disable_all_campaigns":false,"_uag_custom_page_level_css":"","_monsterinsights_skip_tracking":false,"_monsterinsights_sitenote_active":false,"_monsterinsights_sitenote_note":"","_monsterinsights_sitenote_category":0,"_joinchat":[],"footnotes":""},"class_list":["post-176","page","type-page","status-publish","hentry"],"aioseo_notices":[],"uagb_featured_image_src":{"full":false,"thumbnail":false,"medium":false,"medium_large":false,"large":false,"1536x1536":false,"2048x2048":false,"trp-custom-language-flag":false},"uagb_author_info":{"display_name":"fishingclub","author_link":"https:\/\/www.freefallacademy.net\/es\/author\/fishingclub\/"},"uagb_comment_info":0,"uagb_excerpt":"Freediving &amp; Wildlife Encounters Education \u2022 Respect \u2022 Conservation CONTACT La Paz, BCS, Mexico hola@freefallacademy.net Whatsapp +526121433959 JOIN OUR NEWSLETTER First Name Last Name Email Wild stories, ocean tips, guides &amp; inspiration.","_links":{"self":[{"href":"https:\/\/www.freefallacademy.net\/es\/wp-json\/wp\/v2\/pages\/176","targetHints":{"allow":["GET"]}}],"collection":[{"href":"https:\/\/www.freefallacademy.net\/es\/wp-json\/wp\/v2\/pages"}],"about":[{"href":"https:\/\/www.freefallacademy.net\/es\/wp-json\/wp\/v2\/types\/page"}],"author":[{"embeddable":true,"href":"https:\/\/www.freefallacademy.net\/es\/wp-json\/wp\/v2\/users\/2"}],"replies":[{"embeddable":true,"href":"https:\/\/www.freefallacademy.net\/es\/wp-json\/wp\/v2\/comments?post=176"}],"version-history":[{"count":14,"href":"https:\/\/www.freefallacademy.net\/es\/wp-json\/wp\/v2\/pages\/176\/revisions"}],"predecessor-version":[{"id":4091,"href":"https:\/\/www.freefallacademy.net\/es\/wp-json\/wp\/v2\/pages\/176\/revisions\/4091"}],"wp:attachment":[{"href":"https:\/\/www.freefallacademy.net\/es\/wp-json\/wp\/v2\/media?parent=176"}],"curies":[{"name":"wp","href":"https:\/\/api.w.org\/{rel}","templated":true}]}}